{"id":72,"date":"2014-11-04T09:04:18","date_gmt":"2014-11-04T09:04:18","guid":{"rendered":"http:\/\/www.neuralrehabilitation.org\/wordpress\/?page_id=72"},"modified":"2023-12-19T14:06:58","modified_gmt":"2023-12-19T13:06:58","slug":"projects","status":"publish","type":"page","link":"https:\/\/www.neuralrehabilitation.org\/en\/?page_id=72","title":{"rendered":"Projects"},"content":{"rendered":"<h5>Ongoing Projects<\/h5>\n<table style=\"margin-left: 20px;\">\n<tbody>\n<tr>\n<td style=\"vertical-align: top;\" width=\"150px\"><img decoding=\"async\" src=\"https:\/\/www.neuralrehabilitation.org\/en\/wp-content\/uploads\/2023\/12\/Logotipo_del_Gobierno_de_la_Comunidad_de_Madrid.svg_.png\" alt=\"\" width=\"100\" class=\"aligncenter size-full wp-image-2080\" srcset=\"https:\/\/www.neuralrehabilitation.org\/en\/wp-content\/uploads\/2023\/12\/Logotipo_del_Gobierno_de_la_Comunidad_de_Madrid.svg_.png 461w, https:\/\/www.neuralrehabilitation.org\/en\/wp-content\/uploads\/2023\/12\/Logotipo_del_Gobierno_de_la_Comunidad_de_Madrid.svg_-231x300.png 231w, https:\/\/www.neuralrehabilitation.org\/en\/wp-content\/uploads\/2023\/12\/Logotipo_del_Gobierno_de_la_Comunidad_de_Madrid.svg_-77x100.png 77w\" sizes=\"(max-width: 461px) 100vw, 461px\" \/><\/td>\n<td style=\"padding-left: 10px;\" width=\"80%\"><b>IND2023\/TIC-27513<\/b><\/p>\n<p>Investigaci\u00f3n de la estimulaci\u00f3n el\u00e9ctrica funcional durante el pedaleo para personas con lesiones de m\u00e9dula espinal y da\u00f1o cerebral.<\/p>\n<p>Dates: From 2023-11-23 to 2026-11-22<\/p>\n<p align=\"justify\"><strong>Principal Investigator:<\/strong> Juan C. Moreno<\/p>\n<p><strong>Funded by<\/strong> Comunidad de Madrid. Convocatoria de Ayudas destinadas a la realizaci\u00f3n de doctorados industriales 2023.<\/p>\n<p align=\"justify\"><strong>Referencia: <\/strong> IND2023\/TIC-27513<\/p>\n<\/td>\n<\/tr>\n<\/tbody>\n<\/table>\n<table style=\"margin-left: 20px;\">\n<tbody>\n<tr>\n<td style=\"vertical-align: top;\" width=\"150px\"><img decoding=\"async\" src=\"https:\/\/www.neuralrehabilitation.org\/en\/wp-content\/uploads\/2023\/12\/Logotipo_del_Gobierno_de_la_Comunidad_de_Madrid.svg_.png\" alt=\"\" width=\"100\" class=\"aligncenter size-full wp-image-2080\" srcset=\"https:\/\/www.neuralrehabilitation.org\/en\/wp-content\/uploads\/2023\/12\/Logotipo_del_Gobierno_de_la_Comunidad_de_Madrid.svg_.png 461w, https:\/\/www.neuralrehabilitation.org\/en\/wp-content\/uploads\/2023\/12\/Logotipo_del_Gobierno_de_la_Comunidad_de_Madrid.svg_-231x300.png 231w, https:\/\/www.neuralrehabilitation.org\/en\/wp-content\/uploads\/2023\/12\/Logotipo_del_Gobierno_de_la_Comunidad_de_Madrid.svg_-77x100.png 77w\" sizes=\"(max-width: 461px) 100vw, 461px\" \/><\/td>\n<td style=\"padding-left: 10px;\" width=\"80%\"><b>IND2022\/TIC-23606<\/b><\/p>\n<p>Desarrollo de sistema de electroestimulaci\u00f3n muscular modular y distribuido de uso cl\u00ednico para estudio de efectos de corrientes el\u00e9ctricas aplicadas en el sistema neuromuscular<\/p>\n<p>Dates: From 2023-04-01 to 2026-03-31<\/p>\n<p align=\"justify\"><strong>Principal Investigator:<\/strong>Juan C. Moreno<\/p>\n<p><strong>Funded by<\/strong> Comunidad de Madrid. Convocatoria de Ayudas destinadas a la realizaci\u00f3n de doctorados industriales 2022.<\/p>\n<p align=\"justify\"><strong>Referencia: <\/strong> IND2022\/TIC-23606<\/p>\n<\/td>\n<\/tr>\n<\/tbody>\n<\/table>\n<table style=\"margin-left: 20px;\">\n<tbody>\n<tr>\n<td style=\"vertical-align: top;\" width=\"150px\"><img decoding=\"async\" src=\"https:\/\/www.neuralrehabilitation.org\/en\/wp-content\/uploads\/2023\/12\/Logotipo_del_Gobierno_de_la_Comunidad_de_Madrid.svg_.png\" alt=\"\" width=\"100\" class=\"aligncenter size-full wp-image-2080\" srcset=\"https:\/\/www.neuralrehabilitation.org\/en\/wp-content\/uploads\/2023\/12\/Logotipo_del_Gobierno_de_la_Comunidad_de_Madrid.svg_.png 461w, https:\/\/www.neuralrehabilitation.org\/en\/wp-content\/uploads\/2023\/12\/Logotipo_del_Gobierno_de_la_Comunidad_de_Madrid.svg_-231x300.png 231w, https:\/\/www.neuralrehabilitation.org\/en\/wp-content\/uploads\/2023\/12\/Logotipo_del_Gobierno_de_la_Comunidad_de_Madrid.svg_-77x100.png 77w\" sizes=\"(max-width: 461px) 100vw, 461px\" \/><\/td>\n<td style=\"padding-left: 10px;\" width=\"80%\"><b>IND2022\/TIC-23636<\/b><\/p>\n<p>Desarrollo, evaluaci\u00f3n y mejora de las interfaces f\u00edsicas entre exoesqueletos rob\u00f3ticos y cuerpo humano<\/p>\n<p>Dates: From 2023-2026<\/p>\n<p align=\"justify\"><strong>Principal Investigator:<\/strong>Diego Torricelli<\/p>\n<p><strong>Funded by<\/strong> Comunidad de Madrid. Convocatoria de Ayudas destinadas a la realizaci\u00f3n de doctorados industriales 2022.<\/p>\n<p align=\"justify\"><strong>Referencia: <\/strong> IND2022\/TIC-23636<\/p>\n<\/td>\n<\/tr>\n<\/tbody>\n<\/table>\n<table style=\"margin-left: 20px;\">\n<tbody>\n<tr>\n<td style=\"vertical-align: top;\" width=\"150px\"> <\/td>\n<td style=\"padding-left: 10px;\" width=\"80%\"><b>FUSION network<\/b><\/p>\n<p>Thematic network on Fusion of Wearable Robots and Neuro-Muscular Electrical Stimulation for Neural Rehabilitation of Movement Disorders.<\/p>\n<p>Dates: From 2023-06-01 to 2025-05-31<\/p>\n<p align=\"justify\">FUSION thematic network proposes the promotion of synergies with research groups to work on priority themes to achieve modular neurorehabilitation robots to establish their proper fusion with electrical stimulation modalities, and to conceive good practices and guidelines for their personalization and deployment in the treatment of neurological disorders.<\/p>\n<p align=\"justify\"><strong>Principal Investigator:<\/strong>Juan C. Moreno<\/p>\n<p><strong>Funded by<\/strong> Ministerio de Ciencia e Innovaci\u00f3n &#8211; Agencia Estatal de Investigaci\u00f3n in the framework of the call &#8220;Ayudas 2022 a \u00abREDES DE INVESTIGACI\u00d3N\u00bb en el marco del Programa Estatal para Impulsar la Investigaci\u00f3n Cient\u00edfico-T\u00e9cnica y su Transferencia, del Plan Estatal de Investigaci\u00f3n Cient\u00edfica, T\u00e9cnica y de Innovaci\u00f3n 2021-2023&#8221;.<\/p>\n<p align=\"justify\"><strong>Referencia: <\/strong> RED2022-134319-T<\/p>\n<\/td>\n<\/tr>\n<\/tbody>\n<\/table>\n<table style=\"margin-left: 20px;\">\n<tbody>\n<tr>\n<td style=\"vertical-align: top;\" width=\"150px\"> <img decoding=\"async\" src=\"https:\/\/www.neuralrehabilitation.org\/en\/wp-content\/uploads\/2022\/09\/Captura-de-pantalla-2022-09-21-a-las-12.26.06-e1664533874572.png\" alt=\"\" width=\"100\" class=\"aligncenter size-full wp-image-1888\" srcset=\"https:\/\/www.neuralrehabilitation.org\/en\/wp-content\/uploads\/2022\/09\/Captura-de-pantalla-2022-09-21-a-las-12.26.06-e1664533874572.png 258w, https:\/\/www.neuralrehabilitation.org\/en\/wp-content\/uploads\/2022\/09\/Captura-de-pantalla-2022-09-21-a-las-12.26.06-e1664533874572-89x100.png 89w\" sizes=\"(max-width: 258px) 100vw, 258px\" \/><\/td>\n<td style=\"padding-left: 10px;\" width=\"80%\"><b>NIMBLE<\/b><\/p>\n<p>Assessing and modeling the mechanisms of recovery during robot aided neurorehabilitation of walking.<\/p>\n<p>Dates: From 2022-09-01 to 2025-08-31<\/p>\n<p>Lab: <a title=\"Human Locomotion Lab\" href=\"http:\/\/www.neuralrehabilitation.org\/en\/?page_id=60\">Human Locomotion Laboratory<\/a> <\/p>\n<p align=\"justify\"> NIMBLE aims at improving current robotic exoskeletons for walking rehabilitation developing a novel modeling-based optimization framework to promote neuroplasticity with novel tools for control and management of the longitudinal robotic treatment. These computational tools will be derived from pervasive monitoring, longitudinal investigation of the evolution of the therapy and statistical models of the neurorehabilitation process. Besides, computational methods for neuromusculoskeletal simulations will be developed to investigate, generate and test novel datasets used as control reference for the robotic controllers. NIMBLE will put in place a required research strategy that will put emphasis on gaining a better understanding of the mechanisms of neuroplasticity, to determine how to reliably induce and exploit it to maximize therapeutic outcomes. <\/p>\n<p align=\"justify\"><strong>Principal Investigator:<\/strong>Juan C. Moreno<\/p>\n<p><strong>Funded by<\/strong> Ministerio de Ciencia e Innovaci\u00f3n; Agencia Estatal de Investigaci\u00f3n.<br \/>\n<i>Proyecto PID2021-123657OB-C31 financiado por MCIN\/ AEI \/10.13039\/501100011033\/ y por FEDER Una manera de hacer Europa<\/i><\/p>\n<p align=\"justify\"><strong>Referencia: <\/strong> PID2021-123657OB-C31<\/p>\n<\/td>\n<\/tr>\n<\/tbody>\n<\/table>\n<table style=\"margin-left: 20px;\">\n<tbody>\n<tr>\n<td style=\"vertical-align: top;\" width=\"150px\"><img decoding=\"async\" src=\"https:\/\/www.neuralrehabilitation.org\/en\/wp-content\/uploads\/2022\/09\/Logo-VF-e1664533901925.jpg\" alt=\"\" width=\"100\" class=\"aligncenter size-full wp-image-1889\" srcset=\"https:\/\/www.neuralrehabilitation.org\/en\/wp-content\/uploads\/2022\/09\/Logo-VF-e1664533901925.jpg 287w, https:\/\/www.neuralrehabilitation.org\/en\/wp-content\/uploads\/2022\/09\/Logo-VF-e1664533901925-142x100.jpg 142w\" sizes=\"(max-width: 287px) 100vw, 287px\" \/><\/td>\n<td style=\"padding-left: 10px;\" width=\"80%\"><b>AI4HealthyAging<\/b><\/p>\n<p>IA para el diagn\u00f3stico y tratamiento temprano de enfermedades con gran prevalencia en envejecimiento<\/p>\n<p>Dates: From 2021-08-04 to 2024-12-31<\/p>\n<p>Labs: <a title=\"Neural Interfaces and Enhancement Lab\" href=\"https:\/\/www.neuralrehabilitation.org\/en\/?page_id=1146\">Neural Interfaces and Enhancement Lab<\/a>, <a title=\"Neuromuscular Coordination Lab\" href=\"http:\/\/www.neuralrehabilitation.org\/en\/?page_id=62\">Neuromuscular Coordination Laboratory<\/a> and <a title=\"Human Locomotion Lab\" href=\"http:\/\/www.neuralrehabilitation.org\/en\/?page_id=60\">Human Locomotion Laboratory<\/a> <\/p>\n<p align=\"justify\">El presente proyecto se enmarca en el Programa Misiones de I+D en Inteligencia Artificial 2021, en el marco de la Agenda Espa\u00f1a Digital 2025 y de la Estrategia Nacional de Inteligencia Artificial (\u00abextracto en BOE\u00bb n\u00fam. 152, de 26 de junio de 2021). El objetivo es contribuir a una de las 5 misiones identificados en la convocatoria, en concreto a la misi\u00f3n de la salud.<br \/>\nEl objetivo del proyecto es la investigaci\u00f3n y el desarrollo de un sistema inteligente descentralizado de toma y an\u00e1lisis de datos que permita a nuestro sistema de salud anticipar y actuar de manera temprana y ultra r\u00e1pida en enfermedades psiqui\u00e1tricas, neurol\u00f3gicas, motoras y degenerativas de gran prevalencia en el contexto del envejecimiento.<\/p>\n<p align=\"justify\"><strong>Principal Investigators:<\/strong> Diego Torricelli and Juan C. Moreno<\/p>\n<p><strong>Funded by<\/strong> Ministerio de Asuntos Econ\u00f3micos y Transformaci\u00f3n Digital; Plan de Recuperaci\u00f3n, Transformaci\u00f3n y Resiliencia; Uni\u00f3n Europea Next Generation EU.<\/p>\n<p align=\"justify\"><strong>Referencia: <\/strong> MIA.2021.M02.0007<\/p>\n<\/td>\n<\/tr>\n<\/tbody>\n<\/table>\n<table style=\"margin-left: 20px;\">\n<tbody>\n<tr>\n<td style=\"vertical-align: top;\" width=\"150px\"><\/td>\n<td style=\"padding-left: 10px;\" width=\"80%\"><b>NEUROMARK<\/b><\/p>\n<p>Biomarcadores neuromec\u00e1nicos para cuantificar la gravedad de la enfermedad de Parkinson utilizando sensores vestibles<\/p>\n<p>Dates: From 2021-09-01 to 2024-08-31<\/p>\n<p>Labs: <a title=\"Neuromuscular Coordination Lab\" href=\"http:\/\/www.neuralrehabilitation.org\/en\/?page_id=62\">Neuromuscular Coordination Laboratory<\/a><\/p>\n<p align=\"justify\">We propose the combination of different technologies to generate the necessary body of evidence to deeply understand the motor symptoms of PD under a multi-faceted perspective. In particular, our methodology includes the application of machine learning algorithms on kinematic and neuromuscular data recorded by IMUs and surface electromyography (EMG), during a battery of tests composed of exercises replicating daily-life activities.Together with a pool of clinicians, we aim to combine these data with intuitive graphical interfaces, in order to create clinically-relevant biomarker of disease progression. Our secondary goal is to create an experimental and methodological platform for novel investigations on the complexity and adaptability of the neuromotor system, also applicable to other neurological diseases, such as stroke, spinal cord injury or cerebral palsy.<\/p>\n<p align=\"justify\"><strong>Principal Investigators:<\/strong> Diego Torricelli<\/p>\n<p><strong>Funded by<\/strong> MINISTERIO DE CIENCIA E INNOVACION. Programa Estatal de I+D+i Orientada a los Retos de la Sociedad<br \/>\n<i>Proyecto PID2020-120491RA-I00 financiado por MCIN\/ AEI \/10.13039\/501100011033<\/i><\/p>\n<p align=\"justify\"><strong>Referencia: <\/strong> PID2020-120491RA-I00<\/p>\n<\/td>\n<\/tr>\n<\/tbody>\n<\/table>\n<table style=\"margin-left: 20px;\">\n<tbody>\n<tr>\n<td style=\"vertical-align: top;\" width=\"150px\"><img decoding=\"async\" class=\"aligncenter size-full wp-image-997\" src=\"https:\/\/www.neuralrehabilitation.org\/en\/wp-content\/uploads\/2021\/12\/Logo_small_levels.jpg\" alt=\"\" width=\"100\" \/><\/td>\n<td style=\"padding-left: 10px;\" width=\"80%\"><b>NI<\/b><\/p>\n<p><a href=\"https:\/\/www.nih2020.eu\" target=\"_blank\" rel=\"noopener noreferrer\">Natural Intelligence for Robotic Monitoring of Habitats<\/a><\/p>\n<p>Dates: From 2021-01-01 to 2024-03-31<\/p>\n<p>Lab: <a title=\"Neuromuscular Coordination Lab\" href=\"http:\/\/www.neuralrehabilitation.org\/en\/?page_id=62\">Neuromuscular Coordination Laboratory<\/a><\/p>\n<p align=\"justify\">Global warming and pollution are threatening the survival of one million over the eight million species in forests and oceans on the planet. The EU answer to these challenges is the set of deeply transformative policies contained in the European Green Deal. Among these policies a prominent role is given to the restoring and preservation of ecosystems by increasing the coverage of protected biodiversity-rich land and sea areas building on the Natura 2000 network.<\/p>\n<p align=\"justify\">Stretching over 18% of the EU&#8217;s land area and almost 6% of its marine territory, Natura 2000 is the largest coordinated network of protected areas in the world. The land and sea coverage will be increased up to 30% within 2030.<\/p>\n<p align=\"justify\">Today human operators are the only option to perform the environmental monitoring of such a large area. This is not only because of their specific expertise and knowledge in classifying plants and habitats but also because their physical intelligence allowing them to move for hours in wild unstructured environments such dunes, forests, and mountains.<\/p>\n<p align=\"justify\">The artificial alternative is robotics, which made tremendous advancements in recent years, however robots hardly leave laboratories and factories because they are not robust and efficient to survive in the real world. Flying robots do not have the required energy autonomy, while ground robots are not: i) intelligent to autonomously percept, interpret, and interact with highly uneven, slipping and irregular grounds, ii) physically robust to manage unexpected contacts and impacts.<\/p>\n<p align=\"justify\">The Natural Intelligence (NI) project aims to serve the European Green Deal via monitoring the natural habitats of N2000N with robots able to effectively move in dunes, grasslands, forests, and alpine terrains. NI robots will be empowered by Natural Intelligence, emerging by the interaction of environment, body and mind, leveraging on the fusion of artificial cognition and articulated soft-robotics bodies.<\/p>\n<p align=\"justify\"><strong>Principal Investigator:<\/strong> Diego Torricelli<\/p>\n<p><strong>Funded by<\/strong> H2020-EU.2.1.1 (Ref.: 101016970)<\/td>\n<\/tr>\n<\/tbody>\n<\/table>\n<table style=\"margin-left: 20px;\">\n<tbody>\n<tr>\n<td style=\"vertical-align: top;\" width=\"150px\"><img decoding=\"async\" src=\"https:\/\/www.neuralrehabilitation.org\/en\/wp-content\/uploads\/2023\/12\/Logotipo_del_Gobierno_de_la_Comunidad_de_Madrid.svg_.png\" alt=\"\" width=\"100\" class=\"aligncenter size-full wp-image-2080\" srcset=\"https:\/\/www.neuralrehabilitation.org\/en\/wp-content\/uploads\/2023\/12\/Logotipo_del_Gobierno_de_la_Comunidad_de_Madrid.svg_.png 461w, https:\/\/www.neuralrehabilitation.org\/en\/wp-content\/uploads\/2023\/12\/Logotipo_del_Gobierno_de_la_Comunidad_de_Madrid.svg_-231x300.png 231w, https:\/\/www.neuralrehabilitation.org\/en\/wp-content\/uploads\/2023\/12\/Logotipo_del_Gobierno_de_la_Comunidad_de_Madrid.svg_-77x100.png 77w\" sizes=\"(max-width: 461px) 100vw, 461px\" \/><\/td>\n<td style=\"padding-left: 10px;\" width=\"80%\"><b>IND2020\/TIC-17471<\/b><\/p>\n<p>Desarrollo de sistema de electroestimulaci\u00f3n muscular modular y distribuido de uso cl\u00ednico para estudio de efectos de corrientes el\u00e9ctricas aplicadas en el sistema neuromuscular<\/p>\n<p>Dates: From 2021-01-12 to 2024-01-11<\/p>\n<p align=\"justify\"><strong>Principal Investigator:<\/strong>Juan C. Moreno<\/p>\n<p><strong>Funded by<\/strong> Comunidad de Madrid. Convocatoria de Ayudas destinadas a la realizaci\u00f3n de doctorados industriales 2020.<\/p>\n<p align=\"justify\"><strong>Referencia: <\/strong> IND2020\/TIC-17471<\/p>\n<\/td>\n<\/tr>\n<\/tbody>\n<\/table>\n<table style=\"margin-left: 20px;\">\n<tbody>\n<tr>\n<td style=\"vertical-align: top;\" width=\"150px\"><\/td>\n<td style=\"padding-left: 10px;\" width=\"80%\"><b>PTI+NeuroAging<\/b><\/p>\n<p>Rehabilitaci\u00f3n basada en rob\u00f3tica<\/p>\n<p>Dates: From 2021-04-15 to 2022-12-31<\/p>\n<p>Lab: <a title=\"Human Locomotion Lab\" href=\"http:\/\/www.neuralrehabilitation.org\/en\/?page_id=60\">Human Locomotion Laboratory<\/a><\/p>\n<p align=\"justify\"><strong>Principal Investigator:<\/strong> Juan C. Moreno<\/p>\n<p><strong>Funded by<\/strong> Mecanismo de Recuperaci\u00f3n y Resiliencia de la Uni\u00f3n Europea<\/td>\n<\/tr>\n<\/tbody>\n<\/table>\n<p style=\"text-align: right; font-size: 16px;\"><a href=\"http:\/\/www.neuralrehabilitation.org\/en\/?page_id=89\">+ More information about recent projects<\/a><\/p>\n","protected":false},"excerpt":{"rendered":"<p>Ongoing Projects IND2023\/TIC-27513 Investigaci\u00f3n de la estimulaci\u00f3n el\u00e9ctrica funcional durante el pedaleo para personas con lesiones de m\u00e9dula espinal y da\u00f1o cerebral. Dates: From 2023-11-23 to 2026-11-22 Principal Investigator: Juan C. Moreno Funded by Comunidad de Madrid. Convocatoria de Ayudas<\/p>\n","protected":false},"author":1,"featured_media":0,"parent":13,"menu_order":0,"comment_status":"closed","ping_status":"closed","template":"","meta":[],"_links":{"self":[{"href":"https:\/\/www.neuralrehabilitation.org\/en\/index.php?rest_route=\/wp\/v2\/pages\/72"}],"collection":[{"href":"https:\/\/www.neuralrehabilitation.org\/en\/index.php?rest_route=\/wp\/v2\/pages"}],"about":[{"href":"https:\/\/www.neuralrehabilitation.org\/en\/index.php?rest_route=\/wp\/v2\/types\/page"}],"author":[{"embeddable":true,"href":"https:\/\/www.neuralrehabilitation.org\/en\/index.php?rest_route=\/wp\/v2\/users\/1"}],"replies":[{"embeddable":true,"href":"https:\/\/www.neuralrehabilitation.org\/en\/index.php?rest_route=%2Fwp%2Fv2%2Fcomments&post=72"}],"version-history":[{"count":194,"href":"https:\/\/www.neuralrehabilitation.org\/en\/index.php?rest_route=\/wp\/v2\/pages\/72\/revisions"}],"predecessor-version":[{"id":2087,"href":"https:\/\/www.neuralrehabilitation.org\/en\/index.php?rest_route=\/wp\/v2\/pages\/72\/revisions\/2087"}],"up":[{"embeddable":true,"href":"https:\/\/www.neuralrehabilitation.org\/en\/index.php?rest_route=\/wp\/v2\/pages\/13"}],"wp:attachment":[{"href":"https:\/\/www.neuralrehabilitation.org\/en\/index.php?rest_route=%2Fwp%2Fv2%2Fmedia&parent=72"}],"curies":[{"name":"wp","href":"https:\/\/api.w.org\/{rel}","templated":true}]}}