{"id":1521,"date":"2019-10-22T11:41:08","date_gmt":"2019-10-22T09:41:08","guid":{"rendered":"http:\/\/www.neuralrehabilitation.org\/en\/?page_id=1521"},"modified":"2023-12-19T14:11:12","modified_gmt":"2023-12-19T13:11:12","slug":"nrg-previous-members","status":"publish","type":"page","link":"https:\/\/www.neuralrehabilitation.org\/en\/?page_id=1521","title":{"rendered":"NRG Previous Members"},"content":{"rendered":"<h3>PostDocs<\/h3>\n<p>Fady Alnajjar<br \/>\nJos\u00e9 E. Gonz\u00e1lez Vargas<br \/>\n<!--a href=\"http:\/\/www.neuralrehabilitation.org\/en\/?page_id=129&amp;id=16\"-->Guillermo Asin Prieto<\/p>\n<h3>PhD students<\/h3>\n<p>Elisabeth Bravo-Esteban<br \/>\nMagdo Bortole<br \/>\nCarlotta Caramia<br \/>\nGiovanni Corvini<br \/>\nAntonio del Ama<br \/>\nJoana Figueiredo<br \/>\n\u00d3scar Herrero Gim\u00e9nez<br \/>\nAikaterini Koutsou<br \/>\nStefan Lambrecht<br \/>\nStefano Piazza<br \/>\nAna Rojo<br \/>\nFrancisco Resqu\u00ed\u00adn<br \/>\nMar\u00ed\u00ada del Carmen S\u00e1nchez Villama\u00f1\u00e1n<br \/>\nEloy Urendes<\/p>\n<h3>Master students<\/h3>\n<p>Sheila Calvo Reviejo<br \/>\nJose Francisco Carre\u00f1o<br \/>\nIv\u00e1n Collantes<br \/>\nNatalia Comino Suarez<br \/>\nGiovanni Corvini<br \/>\nPaulo F\u00e9lix<br \/>\nLuc\u00eda Garc\u00eda Gonz\u00e1lez<br \/>\nEstela G\u00f3mez<br \/>\nDiana Sof\u00ed\u00ada Herrera<br \/>\nMiguel Ler\u00edn Garc\u00eda<br \/>\nPedro Nuno Lopes<br \/>\nEmma P\u00e9rez Mart\u00edn<br \/>\nMiguel Rangel<br \/>\nDavid Rodriguez<br \/>\nSara Ruiz Diez<br \/>\nIoana Susnochi Luca<\/p>\n<p><!--h3>JAE Intro Students<\/h3>\n\n\n\nBlanca Delgado Bonet\nSof\u00eda Garc\u00eda del Barrio Cervera\nAntonio S\u00e1nchez Salgado--><\/p>\n<h3>Visiting students<\/h3>\n<p>Beatriz Ad\u00e1n Barrientos<br \/>\nAna Mar\u00ed\u00ada Algora G\u00f3mez<br \/>\nMar\u00eda Baeza Petoukhova<br \/>\nLaura Cobe\u00f1a L\u00e9rida<br \/>\nCarlo D&#8217;Amato<br \/>\nJuan Marvin Fern\u00e1ndez Garc\u00eda<br \/>\nJose Mar\u00ed\u00ada Flores<br \/>\nDiego Galeano<br \/>\nAlejandra Garc\u00ed\u00ada \u00c1\u0081lvarez<br \/>\nMarco Ghideli<br \/>\nSergey Gonz\u00e1lez Mejia<br \/>\nAlejandro Hern\u00e1ndez Sosa<br \/>\nJer\u00f3nimo Iva\u00f1ez<br \/>\nWeiyan Jiang<br \/>\nDaniel Nemati<br \/>\nDaniel March\u00e1n Torres<br \/>\nJesus Mart\u00ed\u00adn<br \/>\nBegonya Ozmen<br \/>\nPietro Padovani<br \/>\nRafael Javier P\u00e9rez Beliz\u00f3n<br \/>\nAgust\u00ed\u00adn Humberto Rovira Quezada<br \/>\nMar\u00ed\u00ada Soledad S\u00e1nchez<br \/>\nAna Sanmart\u00edn<br \/>\nBorja Sanchez Clemente<br \/>\nClara Sanz-Morere<br \/>\nJuan Segura Buisan<\/p>\n<h3>Assistants<\/h3>\n<p>Luc\u00eda Alvaredo Olmos<br \/>\nAndrea Ortiz Cuadros<br \/>\nMar\u00ed\u00ada Irene de Orbe Izquierdo<br \/>\nJes\u00fas Manuel G\u00f3mez Manch\u00f3n<\/p>\n","protected":false},"excerpt":{"rendered":"<p>PostDocs Fady Alnajjar Jos\u00e9 E. Gonz\u00e1lez Vargas Guillermo Asin Prieto PhD students Elisabeth Bravo-Esteban Magdo Bortole Carlotta Caramia Giovanni Corvini Antonio del Ama Joana Figueiredo \u00d3scar Herrero Gim\u00e9nez Aikaterini Koutsou Stefan Lambrecht Stefano Piazza Ana Rojo Francisco Resqu\u00ed\u00adn Mar\u00ed\u00ada del<\/p>\n","protected":false},"author":1,"featured_media":0,"parent":15,"menu_order":0,"comment_status":"closed","ping_status":"closed","template":"","meta":[],"_links":{"self":[{"href":"https:\/\/www.neuralrehabilitation.org\/en\/index.php?rest_route=\/wp\/v2\/pages\/1521"}],"collection":[{"href":"https:\/\/www.neuralrehabilitation.org\/en\/index.php?rest_route=\/wp\/v2\/pages"}],"about":[{"href":"https:\/\/www.neuralrehabilitation.org\/en\/index.php?rest_route=\/wp\/v2\/types\/page"}],"author":[{"embeddable":true,"href":"https:\/\/www.neuralrehabilitation.org\/en\/index.php?rest_route=\/wp\/v2\/users\/1"}],"replies":[{"embeddable":true,"href":"https:\/\/www.neuralrehabilitation.org\/en\/index.php?rest_route=%2Fwp%2Fv2%2Fcomments&post=1521"}],"version-history":[{"count":24,"href":"https:\/\/www.neuralrehabilitation.org\/en\/index.php?rest_route=\/wp\/v2\/pages\/1521\/revisions"}],"predecessor-version":[{"id":2091,"href":"https:\/\/www.neuralrehabilitation.org\/en\/index.php?rest_route=\/wp\/v2\/pages\/1521\/revisions\/2091"}],"up":[{"embeddable":true,"href":"https:\/\/www.neuralrehabilitation.org\/en\/index.php?rest_route=\/wp\/v2\/pages\/15"}],"wp:attachment":[{"href":"https:\/\/www.neuralrehabilitation.org\/en\/index.php?rest_route=%2Fwp%2Fv2%2Fmedia&parent=1521"}],"curies":[{"name":"wp","href":"https:\/\/api.w.org\/{rel}","templated":true}]}}