{"id":15,"date":"2014-11-03T09:53:45","date_gmt":"2014-11-03T09:53:45","guid":{"rendered":"http:\/\/www.neuralrehabilitation.org\/wordpress\/?page_id=15"},"modified":"2023-12-19T14:10:21","modified_gmt":"2023-12-19T13:10:21","slug":"people","status":"publish","type":"page","link":"https:\/\/www.neuralrehabilitation.org\/en\/?page_id=15","title":{"rendered":"Research Team"},"content":{"rendered":"<p><img decoding=\"async\" loading=\"lazy\" class=\"aligncenter size-large wp-image-1884\" src=\"https:\/\/www.neuralrehabilitation.org\/en\/wp-content\/uploads\/2022\/09\/DSC_0739-1024x683.jpg\" alt=\"\" width=\"750\" height=\"500\" srcset=\"https:\/\/www.neuralrehabilitation.org\/en\/wp-content\/uploads\/2022\/09\/DSC_0739-1024x683.jpg 1024w, https:\/\/www.neuralrehabilitation.org\/en\/wp-content\/uploads\/2022\/09\/DSC_0739-150x100.jpg 150w, https:\/\/www.neuralrehabilitation.org\/en\/wp-content\/uploads\/2022\/09\/DSC_0739-300x200.jpg 300w, https:\/\/www.neuralrehabilitation.org\/en\/wp-content\/uploads\/2022\/09\/DSC_0739-768x512.jpg 768w\" sizes=\"(max-width: 750px) 100vw, 750px\" \/><\/p>\n<div align=\"left\">\n<h3>Main Researchers<\/h3>\n<p><a href=\"http:\/\/www.neuralrehabilitation.org\/en\/?page_id=129&amp;id=6\">Dr. Juan C. Moreno Sastoque<\/a><br \/>\n<a href=\"http:\/\/www.neuralrehabilitation.org\/en\/?page_id=129&amp;id=7\">Dr. Diego Torricelli<\/a><\/p>\n<p><!--a href=\"http:\/\/www.neuralrehabilitation.org\/en\/?page_id=129&amp;id=12\">Dr. Luis J. Barrios Bravo (Scientist)<\/a--><\/p>\n<h3>Junior PIs<\/h3>\n<p>Pablo Lanillos (Ram\u00f3n y Cajal Post-doctoral Researcher)<br \/>\n<a href=\"http:\/\/www.neuralrehabilitation.org\/en\/?page_id=129&amp;id=19\">Dr. Filipe Andre Oliveira Barroso (Postdoctoral Junior Leader Fellow from \u201dla Caixa\u201d Foundation&#8217;)<\/a><\/p>\n<h3>Post-doctoral Researchers<\/h3>\n<p>Dr. Jorge A. G\u00f3mez Garc\u00eda (Post-doctoral Researcher)<br \/>\n<a href=\"http:\/\/www.neuralrehabilitation.org\/en\/?page_id=129&amp;id=37\">Dr. David Rodriguez Cianca (Juan de la Cierva Post-doctoral Researcher)<\/a><br \/>\nClara Sanz Morere (Juan de la Cierva Post-doctoral Researcher)<\/p>\n<h3>Ph.D. students<\/h3>\n<p>Marina Algaba Vidoy<br \/>\nAinara Carpio Chicote<br \/>\n<a href=\"http:\/\/www.neuralrehabilitation.org\/en\/?page_id=129&amp;id=36\">Javier Gil Castillo<\/a><br \/>\nNicol\u00e1s G\u00f3mez Su\u00e1rez<br \/>\nStefano Massardi<!--a href=\"http:\/\/www.neuralrehabilitation.org\/en\/?page_id=129&amp;id=26\">Aitor Mart\u00ed\u00adnez Exp\u00f3sito<\/a--><!--a href=\"http:\/\/www.neuralrehabilitation.org\/en\/?page_id=129&amp;id=30\">Alejandro Pascual Valdunciel<\/a--><br \/>\nCristina Montero<br \/>\nTania Olmo Fajardo<br \/>\n<a href=\"http:\/\/www.neuralrehabilitation.org\/en\/?page_id=129&amp;id=32\">David Pinto Fern\u00e1ndez<\/a><br \/>\n<a href=\"http:\/\/www.neuralrehabilitation.org\/en\/?page_id=129&amp;id=34\">Camila Rodrigues de Carvalho e Carvalho <\/a><br \/>\n<a href=\"http:\/\/www.neuralrehabilitation.org\/en\/?page_id=129&amp;id=29\">Arantzazu San Agust\u00ed\u00adn P\u00e9rez<\/a><br \/>\nClara S\u00e1nchez<br \/>\nAdriana Torres Pardo<\/p>\n<p><!--h3>M.S. students<\/h3>\n\n\nSara Ruiz Diez--><\/p>\n<p><!--h3>JAE Intro Students<\/h3>\n\n\n\nBlanca Delgado Bonet\nSof\u00eda Garc\u00eda del Barrio Cervera\nAntonio S\u00e1nchez Salgado--><\/p>\n<h3>Technical Staff<\/h3>\n<p>Sara Gonz\u00e1lez Exp\u00f3sito<br \/>\nMarco Iglesias Santos<br \/>\nPaulino Sendin Valiente<br \/>\n<!--\nRodrigo Mart\u00ed\u00adn Mar\u00ed\u00adn\nStefano Massardi--><\/p>\n<p><!--h3>Visitors<\/h3>\n\n\n\n\n<h6>- Visiting scientists<\/h6>\n\n\nProf. Jos\u00e9 L. Pons Rovira\nDr. Jaime Ib\u00e1\u00f1ez Pereda\n\n\n<h6>- Visiting students<\/h6>\n\n\nRoberto Belmonte\nDavid Crevill\u00e9n\nMario Llamas\nVictor Lopo\nCristina Montero\nCarlota Trigo--><\/p>\n<h3>Research Management<\/h3>\n<p><!--a href=\"http:\/\/www.neuralrehabilitation.org\/en\/?page_id=129&amp;id=33\">Luc\u00ed\u00ada Alvaredo Olmos<\/a--><a href=\"http:\/\/www.neuralrehabilitation.org\/en\/?page_id=129&amp;id=3\">Pilar Raya L\u00f3pez <\/a><\/p>\n<\/div>\n<p style=\"text-align: right; font-size: 16px;\"><a href=\"http:\/\/www.neuralrehabilitation.org\/en\/?page_id=1521\">See the list of NRG Previous Members<\/a><\/p>\n<p><!--a href=\"http:\/\/www.neuralrehabilitation.org\/en\/?page_id=129&amp;id=23\">Mar\u00c3\u00ada del Carmen S\u00c3\u00a1nchez Villama\u00c3\u00b1\u00c3\u00a1n<\/a--><br \/>\n<!--a href=\"http:\/\/www.neuralrehabilitation.org\/en\/?page_id=129&amp;id=24\">Andrea Ortiz Cuadros<\/a--><br \/>\n<!--a href=\"http:\/\/www.neuralrehabilitation.org\/en\/?page_id=129&amp;id=5\">Jos? L. Pons Rovira<\/a--><br \/>\n<!--a href=\"http:\/\/www.neuralrehabilitation.org\/en\/?page_id=129&amp;id=15\">Dr. Jaime Ib??ez Pereda (Post-doctoral collaborator)<\/a--><\/p>\n","protected":false},"excerpt":{"rendered":"<p>Main Researchers Dr. Juan C. Moreno Sastoque Dr. Diego Torricelli Junior PIs Pablo Lanillos (Ram\u00f3n y Cajal Post-doctoral Researcher) Dr. Filipe Andre Oliveira Barroso (Postdoctoral Junior Leader Fellow from \u201dla Caixa\u201d Foundation&#8217;) Post-doctoral Researchers Dr. Jorge A. G\u00f3mez Garc\u00eda (Post-doctoral<\/p>\n","protected":false},"author":1,"featured_media":0,"parent":0,"menu_order":0,"comment_status":"closed","ping_status":"closed","template":"","meta":[],"_links":{"self":[{"href":"https:\/\/www.neuralrehabilitation.org\/en\/index.php?rest_route=\/wp\/v2\/pages\/15"}],"collection":[{"href":"https:\/\/www.neuralrehabilitation.org\/en\/index.php?rest_route=\/wp\/v2\/pages"}],"about":[{"href":"https:\/\/www.neuralrehabilitation.org\/en\/index.php?rest_route=\/wp\/v2\/types\/page"}],"author":[{"embeddable":true,"href":"https:\/\/www.neuralrehabilitation.org\/en\/index.php?rest_route=\/wp\/v2\/users\/1"}],"replies":[{"embeddable":true,"href":"https:\/\/www.neuralrehabilitation.org\/en\/index.php?rest_route=%2Fwp%2Fv2%2Fcomments&post=15"}],"version-history":[{"count":186,"href":"https:\/\/www.neuralrehabilitation.org\/en\/index.php?rest_route=\/wp\/v2\/pages\/15\/revisions"}],"predecessor-version":[{"id":2090,"href":"https:\/\/www.neuralrehabilitation.org\/en\/index.php?rest_route=\/wp\/v2\/pages\/15\/revisions\/2090"}],"wp:attachment":[{"href":"https:\/\/www.neuralrehabilitation.org\/en\/index.php?rest_route=%2Fwp%2Fv2%2Fmedia&parent=15"}],"curies":[{"name":"wp","href":"https:\/\/api.w.org\/{rel}","templated":true}]}}